{"id":86,"date":"2019-06-24T12:53:33","date_gmt":"2019-06-24T12:53:33","guid":{"rendered":"http:\/\/sv-holze.de\/?page_id=86"},"modified":"2019-06-26T09:12:23","modified_gmt":"2019-06-26T09:12:23","slug":"datenschutzerklaerung","status":"publish","type":"page","link":"http:\/\/sv-holze.de\/?page_id=86","title":{"rendered":"Datenschutzerkl\u00e4rung"},"content":{"rendered":"\n<h2 class=\"wp-block-heading\">Datenschutzerkl\u00e4rung<\/h2>\n\n\n\n<p>Diese\n Datenschutzerkl\u00e4rung kl\u00e4rt Sie \u00fcber die Art, den Umfang und Zweck der \nVerarbeitung von personenbezogenen Daten (nachfolgend kurz \u201eDaten\u201c) im \nRahmen der Erbringung unserer Leistungen sowie innerhalb unseres \nOnlineangebotes und der mit ihm verbundenen Webseiten, Funktionen und \nInhalte sowie externen Onlinepr\u00e4senzen, wie z.B. unser Social Media \nProfile auf (nachfolgend gemeinsam bezeichnet als \u201eOnlineangebot\u201c). Im \nHinblick auf die verwendeten Begrifflichkeiten, wie z.B. \u201eVerarbeitung\u201c \noder \u201eVerantwortlicher\u201c verweisen wir auf die Definitionen im Art. 4 der\n Datenschutzgrundverordnung (DSGVO). <br>\n<br>\n<\/p>\n\n\n\n<h3 class=\"wp-block-heading\" id=\"dsg-general-controller\">Verantwortlicher<\/h3>\n\n\n\n<p> Firma: SVH Spezial &#8211; Verlegebetrieb &#8211; Holze      <br> Stra\u00dfe: Bahnhofstra\u00dfe 8<br> PLZ\/ Ort: 07613 Crossen a.d. Elster <br> E-Mailadresse:  <a href=\"mailto:info@sv-holze.de\">info@sv-holze.de<\/a><br> Gesch\u00e4ftsf\u00fchrer\/ Inhaber: Marco Holze<br> Link zum Impressum: <a href=\"http:\/\/sv-holze.de\/?page_id=88\">http:\/\/sv-holze.de\/?page_id=88<\/a><\/p>\n\n\n\n<h3 class=\"wp-block-heading\" id=\"dsg-general-datatype\">Arten der verarbeiteten Daten<\/h3>\n\n\n\n<p>&#8211;\tBestandsdaten (z.B., Personen-Stammdaten, Namen oder Adressen).<br>\n&#8211;\tKontaktdaten (z.B., E-Mail, Telefonnummern).<br>\n&#8211;\tInhaltsdaten (z.B., Texteingaben, Fotografien, Videos).<br>\n&#8211;\tNutzungsdaten (z.B., besuchte Webseiten, Interesse an Inhalten, Zugriffszeiten).<br>\n&#8211;\tMeta-\/Kommunikationsdaten (z.B., Ger\u00e4te-Informationen, IP-Adressen).<\/p>\n\n\n\n<h3 class=\"wp-block-heading\" id=\"dsg-general-datasubjects\">Kategorien betroffener Personen<\/h3>\n\n\n\n<p>Besucher und Nutzer des Onlineangebotes (Nachfolgend bezeichnen wir die betroffenen Personen zusammenfassend auch als \u201eNutzer\u201c).<br>\n<\/p>\n\n\n\n<h3 class=\"wp-block-heading\" id=\"dsg-general-purpose\">Zweck der Verarbeitung<\/h3>\n\n\n\n<p>&#8211;\tZurverf\u00fcgungstellung des Onlineangebotes, seiner Funktionen und  Inhalte.<br>\n&#8211;\tBeantwortung von Kontaktanfragen und Kommunikation mit Nutzern.<br>\n&#8211;\tSicherheitsma\u00dfnahmen.<br>\n&#8211;\tReichweitenmessung\/Marketing<br>\n<\/p>\n\n\n\n<h3 class=\"wp-block-heading\" id=\"dsg-general-terms\">Verwendete Begrifflichkeiten <\/h3>\n\n\n\n<p>\u201ePersonenbezogene\n Daten\u201c sind alle Informationen, die sich auf eine identifizierte oder \nidentifizierbare nat\u00fcrliche Person (im Folgenden \u201ebetroffene Person\u201c) \nbeziehen; als identifizierbar wird eine nat\u00fcrliche Person angesehen, die\n direkt oder indirekt, insbesondere mittels Zuordnung zu einer Kennung \nwie einem Namen, zu einer Kennnummer, zu Standortdaten, zu einer \nOnline-Kennung (z.B. Cookie) oder zu einem oder mehreren besonderen \nMerkmalen identifiziert werden kann, die Ausdruck der physischen, \nphysiologischen, genetischen, psychischen, wirtschaftlichen, kulturellen\n oder sozialen Identit\u00e4t dieser nat\u00fcrlichen Person sind.<br>\n<br>\n\u201eVerarbeitung\u201c ist jeder mit oder ohne Hilfe automatisierter Verfahren \nausgef\u00fchrte Vorgang oder jede solche Vorgangsreihe im Zusammenhang mit \npersonenbezogenen Daten. Der Begriff reicht weit und umfasst praktisch \njeden Umgang mit Daten.<br>\n<br>\n\u201ePseudonymisierung\u201c die Verarbeitung personenbezogener Daten in einer \nWeise, dass die personenbezogenen Daten ohne Hinzuziehung zus\u00e4tzlicher \nInformationen nicht mehr einer spezifischen betroffenen Person \nzugeordnet werden k\u00f6nnen, sofern diese zus\u00e4tzlichen Informationen \ngesondert aufbewahrt werden und technischen und organisatorischen \nMa\u00dfnahmen unterliegen, die gew\u00e4hrleisten, dass die personenbezogenen \nDaten nicht einer identifizierten oder identifizierbaren nat\u00fcrlichen \nPerson zugewiesen werden.<br>\n<br>\n\u201eProfiling\u201c jede Art der automatisierten Verarbeitung personenbezogener \nDaten, die darin besteht, dass diese personenbezogenen Daten verwendet \nwerden, um bestimmte pers\u00f6nliche Aspekte, die sich auf eine nat\u00fcrliche \nPerson beziehen, zu bewerten, insbesondere um Aspekte bez\u00fcglich \nArbeitsleistung, wirtschaftliche Lage, Gesundheit, pers\u00f6nliche \nVorlieben, Interessen, Zuverl\u00e4ssigkeit, Verhalten, Aufenthaltsort oder \nOrtswechsel dieser nat\u00fcrlichen Person zu analysieren oder vorherzusagen.<br>\n<br>\nAls \u201eVerantwortlicher\u201c wird die nat\u00fcrliche oder juristische Person, \nBeh\u00f6rde, Einrichtung oder andere Stelle, die allein oder gemeinsam mit \nanderen \u00fcber die Zwecke und Mittel der Verarbeitung von \npersonenbezogenen Daten entscheidet, bezeichnet.<br>\n<br>\n\u201eAuftragsverarbeiter\u201c eine nat\u00fcrliche oder juristische Person, Beh\u00f6rde, \nEinrichtung oder andere Stelle, die personenbezogene Daten im Auftrag \ndes Verantwortlichen verarbeitet.<br>\n<\/p>\n\n\n\n<h3 class=\"wp-block-heading\" id=\"dsg-general-legalbasis\">Ma\u00dfgebliche Rechtsgrundlagen<\/h3>\n\n\n\n<p>Nach\n Ma\u00dfgabe des Art. 13 DSGVO teilen wir Ihnen die Rechtsgrundlagen unserer\n Datenverarbeitungen mit.  F\u00fcr Nutzer aus dem Geltungsbereich der \nDatenschutzgrundverordnung (DSGVO), d.h. der EU und des EWG gilt, sofern\n die Rechtsgrundlage in der Datenschutzerkl\u00e4rung nicht genannt wird, \nFolgendes: <br>\nDie Rechtsgrundlage f\u00fcr die Einholung von Einwilligungen ist Art. 6 Abs. 1 lit. a und Art. 7 DSGVO;<br>\nDie Rechtsgrundlage f\u00fcr die Verarbeitung zur Erf\u00fcllung unserer \nLeistungen und Durchf\u00fchrung vertraglicher Ma\u00dfnahmen sowie Beantwortung \nvon Anfragen ist Art. 6 Abs. 1 lit. b DSGVO;<br>\nDie Rechtsgrundlage f\u00fcr die Verarbeitung zur Erf\u00fcllung unserer rechtlichen Verpflichtungen ist Art. 6 Abs. 1 lit. c DSGVO;<br>\nF\u00fcr den Fall, dass lebenswichtige Interessen der betroffenen Person oder\n einer anderen nat\u00fcrlichen Person eine Verarbeitung personenbezogener \nDaten erforderlich machen, dient Art. 6 Abs. 1 lit. d DSGVO als \nRechtsgrundlage.<br>\nDie Rechtsgrundlage f\u00fcr die erforderliche Verarbeitung zur Wahrnehmung \neiner Aufgabe, die im \u00f6ffentlichen Interesse liegt oder in Aus\u00fcbung \n\u00f6ffentlicher Gewalt erfolgt, die dem Verantwortlichen \u00fcbertragen wurde \nist Art. 6 Abs. 1 lit. e DSGVO. <br>\nDie Rechtsgrundlage f\u00fcr die Verarbeitung zur Wahrung unserer berechtigten Interessen ist Art. 6 Abs. 1 lit. f DSGVO. <br>\nDie Verarbeitung von Daten zu anderen Zwecken als denen, zu denen sie \nerhoben wurden, bestimmt sich nach den Vorgaben des Art 6 Abs. 4 DSGVO. <br>\nDie Verarbeitung von besonderen Kategorien von Daten (entsprechend Art. 9\n Abs. 1 DSGVO) bestimmt sich nach den Vorgaben des Art. 9 Abs. 2 DSGVO. <br>\n<\/p>\n\n\n\n<h3 class=\"wp-block-heading\" id=\"dsg-general-securitymeasures\">Sicherheitsma\u00dfnahmen<\/h3>\n\n\n\n<p>Wir\n treffen nach Ma\u00dfgabe der gesetzlichen Vorgabenunter Ber\u00fccksichtigung \ndes Stands der Technik, der Implementierungskosten und der Art, des \nUmfangs, der Umst\u00e4nde und der Zwecke der Verarbeitung sowie der \nunterschiedlichen Eintrittswahrscheinlichkeit und Schwere des Risikos \nf\u00fcr die Rechte und Freiheiten nat\u00fcrlicher Personen, geeignete technische\n und organisatorische Ma\u00dfnahmen, um ein dem Risiko angemessenes \nSchutzniveau zu gew\u00e4hrleisten.<br>\n<br>\nZu den Ma\u00dfnahmen geh\u00f6ren insbesondere die Sicherung der Vertraulichkeit,\n Integrit\u00e4t und Verf\u00fcgbarkeit von Daten durch Kontrolle des physischen \nZugangs zu den Daten, als auch des sie betreffenden Zugriffs, der \nEingabe, Weitergabe, der Sicherung der Verf\u00fcgbarkeit und ihrer Trennung.\n Des Weiteren haben wir Verfahren eingerichtet, die eine Wahrnehmung von\n Betroffenenrechten, L\u00f6schung von Daten und Reaktion auf Gef\u00e4hrdung der \nDaten gew\u00e4hrleisten. Ferner ber\u00fccksichtigen wir den Schutz \npersonenbezogener Daten bereits bei der Entwicklung, bzw. Auswahl von \nHardware, Software sowie Verfahren, entsprechend dem Prinzip des \nDatenschutzes durch Technikgestaltung und durch datenschutzfreundliche \nVoreinstellungen.<br>\n<\/p>\n\n\n\n<h3 class=\"wp-block-heading\" id=\"dsg-general-coprocessing\">Zusammenarbeit mit Auftragsverarbeitern, gemeinsam Verantwortlichen und Dritten<\/h3>\n\n\n\n<p>Sofern\n wir im Rahmen unserer Verarbeitung Daten gegen\u00fcber anderen Personen und\n Unternehmen (Auftragsverarbeitern, gemeinsam Verantwortlichen oder \nDritten) offenbaren, sie an diese \u00fcbermitteln oder ihnen sonst Zugriff \nauf die Daten gew\u00e4hren, erfolgt dies nur auf Grundlage einer \ngesetzlichen Erlaubnis (z.B. wenn eine \u00dcbermittlung der Daten an Dritte,\n wie an Zahlungsdienstleister, zur Vertragserf\u00fcllung erforderlich ist), \nNutzer eingewilligt haben, eine rechtliche Verpflichtung dies vorsieht \noder auf Grundlage unserer berechtigten Interessen (z.B. beim Einsatz \nvon Beauftragten, Webhostern, etc.). <br>\n<br>\nSofern wir Daten anderen Unternehmen unserer Unternehmensgruppe \noffenbaren, \u00fcbermitteln oder ihnen sonst den Zugriff gew\u00e4hren, erfolgt \ndies insbesondere zu administrativen Zwecken als berechtigtes Interesse \nund dar\u00fcberhinausgehend auf einer den gesetzlichen Vorgaben \nentsprechenden Grundlage. <br>\n<\/p>\n\n\n\n<h3 class=\"wp-block-heading\" id=\"dsg-general-thirdparty\">\u00dcbermittlungen in Drittl\u00e4nder<\/h3>\n\n\n\n<p>Sofern\n wir Daten in einem Drittland (d.h. au\u00dferhalb der Europ\u00e4ischen Union \n(EU), des Europ\u00e4ischen Wirtschaftsraums (EWR) oder der Schweizer \nEidgenossenschaft) verarbeiten oder dies im Rahmen der Inanspruchnahme \nvon Diensten Dritter oder Offenlegung, bzw. \u00dcbermittlung von Daten an \nandere Personen oder Unternehmen geschieht, erfolgt dies nur, wenn es \nzur Erf\u00fcllung unserer (vor)vertraglichen Pflichten, auf Grundlage Ihrer \nEinwilligung, aufgrund einer rechtlichen Verpflichtung oder auf \nGrundlage unserer berechtigten Interessen geschieht. Vorbehaltlich \nausdr\u00fccklicher Einwilligung oder vertraglich erforderlicher \n\u00dcbermittlung, verarbeiten oder lassen wir die Daten nur in Drittl\u00e4ndern \nmit einem anerkannten Datenschutzniveau, zu denen die unter dem \n&#8222;Privacy-Shield&#8220; zertifizierten US-Verarbeiter geh\u00f6ren oder auf \nGrundlage besonderer Garantien, wie z.B. vertraglicher Verpflichtung \ndurch sogenannte Standardschutzklauseln der EU-Kommission, dem Vorliegen\n von Zertifizierungen oder verbindlichen internen \nDatenschutzvorschriften verarbeiten (Art. 44 bis 49 DSGVO, <a href=\"https:\/\/ec.europa.eu\/info\/law\/law-topic\/data-protection\/data-transfers-outside-eu_de\">Informationsseite der EU-Kommission<\/a>).<\/p>\n\n\n\n<h3 class=\"wp-block-heading\" id=\"dsg-general-rightssubject\">Rechte der betroffenen Personen<\/h3>\n\n\n\n<p>Auskunftsrecht:\n  Sie haben das Recht, eine Best\u00e4tigung dar\u00fcber zu verlangen, ob \nbetreffende Daten verarbeitet werden und auf Auskunft \u00fcber diese Daten \nsowie auf weitere Informationen und Kopie der Daten entsprechend den \ngesetzlichen Vorgaben.<br>\n<br>\nRecht auf Berichtigung: Sie haben entsprechend. den gesetzlichen \nVorgaben das Recht, die Vervollst\u00e4ndigung der Sie betreffenden Daten \noder die Berichtigung der Sie betreffenden unrichtigen Daten zu \nverlangen.<br>\n<br>\nRecht auf L\u00f6schung und Einschr\u00e4nkung der Verarbeitung:  Sie haben nach \nMa\u00dfgabe der gesetzlichen Vorgaben das Recht zu verlangen, dass \nbetreffende Daten unverz\u00fcglich gel\u00f6scht werden, bzw. alternativ nach \nMa\u00dfgabe der gesetzlichen Vorgaben eine Einschr\u00e4nkung der Verarbeitung \nder Daten zu verlangen.<br>\n<br>\nRecht auf Daten\u00fcbertragbarkeit:  Sie haben das Recht, Sie betreffende \nDaten, die Sie uns bereitgestellt haben, nach Ma\u00dfgabe der gesetzlichen \nVorgaben in einem strukturierten, g\u00e4ngigen und maschinenlesbaren Format \nzu erhalten oder deren \u00dcbermittlung an einen anderen Verantwortlichen zu\n fordern.<br>\n<br>\nBeschwerde bei Aufsichtsbeh\u00f6rde:  Sie haben ferner nach Ma\u00dfgabe der \ngesetzlichen Vorgaben das Recht, eine Beschwerde bei der zust\u00e4ndigen \nAufsichtsbeh\u00f6rde einzureichen.<br>\n<\/p>\n\n\n\n<h3 class=\"wp-block-heading\" id=\"dsg-general-revokeconsent\">Widerrufsrecht<\/h3>\n\n\n\n<p>Sie haben das Recht, erteilte Einwilligungen mit Wirkung f\u00fcr die Zukunft zu widerrufen.<\/p>\n\n\n\n<h3 class=\"wp-block-heading\" id=\"dsg-general-object\">Widerspruchsrecht<\/h3>\n\n\n\n<p><strong>Widerspruchsrecht:\n Sie haben das Recht, aus Gr\u00fcnden, die sich aus Ihrer besonderen \nSituation ergeben, jederzeit gegen die Verarbeitung der Sie betreffenden\n personenbezogenen Daten, die aufgrund von Art. 6 Abs. 1 lit. e oder f \nDSGVO erfolgt, Widerspruch einzulegen; dies gilt auch f\u00fcr ein auf diese \nBestimmungen gest\u00fctztes Profiling. Werden die Sie betreffenden \npersonenbezogenen Daten verarbeitet, um Direktwerbung zu betreiben, \nhaben Sie das Recht, jederzeit Widerspruch gegen die Verarbeitung der \nSie betreffenden personenbezogenen Daten zum Zwecke derartiger Werbung \neinzulegen; dies gilt auch f\u00fcr das Profiling, soweit es mit solcher \nDirektwerbung in Verbindung steht.<\/strong><\/p>\n\n\n\n<h3 class=\"wp-block-heading\" id=\"dsg-general-cookies\">Cookies und Widerspruchsrecht bei Direktwerbung<\/h3>\n\n\n\n<p>Als\n \u201eCookies\u201c werden kleine Dateien bezeichnet, die auf Rechnern der Nutzer\n gespeichert werden. Innerhalb der Cookies k\u00f6nnen unterschiedliche \nAngaben gespeichert werden. Ein Cookie dient prim\u00e4r dazu, die Angaben zu\n einem Nutzer (bzw. dem Ger\u00e4t auf dem das Cookie gespeichert ist) \nw\u00e4hrend oder auch nach seinem Besuch innerhalb eines Onlineangebotes zu \nspeichern. Als tempor\u00e4re Cookies, bzw. \u201eSession-Cookies\u201c oder \n\u201etransiente Cookies\u201c, werden Cookies bezeichnet, die gel\u00f6scht werden, \nnachdem ein Nutzer ein Onlineangebot verl\u00e4sst und seinen Browser \nschlie\u00dft. In einem solchen Cookie kann z.B. der Inhalt eines Warenkorbs \nin einem Onlineshop oder ein Login-Status gespeichert werden. Als \n\u201epermanent\u201c oder \u201epersistent\u201c werden Cookies bezeichnet, die auch nach \ndem Schlie\u00dfen des Browsers gespeichert bleiben. So kann z.B. der \nLogin-Status gespeichert werden, wenn die Nutzer diese nach mehreren \nTagen aufsuchen. Ebenso k\u00f6nnen in einem solchen Cookie die Interessen \nder Nutzer gespeichert werden, die f\u00fcr Reichweitenmessung oder \nMarketingzwecke verwendet werden. Als \u201eThird-Party-Cookie\u201c werden \nCookies bezeichnet, die von anderen Anbietern als dem Verantwortlichen, \nder das Onlineangebot betreibt, angeboten werden (andernfalls, wenn es \nnur dessen Cookies sind spricht man von \u201eFirst-Party Cookies\u201c).<br>\n<br>\nWir k\u00f6nnen tempor\u00e4re und permanente Cookies einsetzen und kl\u00e4ren hier\u00fcber im Rahmen unserer Datenschutzerkl\u00e4rung auf.<br>\n<br>\nSofern wir die Nutzer um eine Einwilligung in den Einsatz von Cookies \nbitten (z.B. im Rahmen einer Cookie-Einwilligung), ist die \nRechtsgrundlage dieser Verarbeitung Art. 6 Abs. 1 lit. a. DSGVO. \nAnsonsten werden die personenbezogenen Cookies der Nutzer entsprechend \nden nachfolgenden Erl\u00e4uterungen im Rahmen dieser Datenschutzerkl\u00e4rung \nauf Grundlage unserer berechtigten Interessen (d.h. Interesse an der \nAnalyse, Optimierung und wirtschaftlichem Betrieb unseres \nOnlineangebotes im Sinne des Art. 6 Abs. 1 lit. f. DSGVO) oder sofern \nder Einsatz von Cookies zur Erbringung unserer vertragsbezogenen \nLeistungen erforderlich ist, gem. Art. 6 Abs. 1 lit. b. DSGVO, bzw. \nsofern der Einsatz von Cookies f\u00fcr die Wahrnehmung einer Aufgabe, die im\n \u00f6ffentlichen Interesse liegt erforderlich ist oder in Aus\u00fcbung \n\u00f6ffentlicher Gewalt erfolgt, gem. Art. 6 Abs. 1 lit. e. DSGVO, \nverarbeitet.<br>\n<br>\nFalls die Nutzer nicht m\u00f6chten, dass Cookies auf ihrem Rechner \ngespeichert werden, werden sie gebeten die entsprechende Option in den \nSystemeinstellungen ihres Browsers zu deaktivieren. Gespeicherte Cookies\n k\u00f6nnen in den Systemeinstellungen des Browsers gel\u00f6scht werden. Der \nAusschluss von Cookies kann zu Funktionseinschr\u00e4nkungen dieses \nOnlineangebotes f\u00fchren.<br>\n<br>\nEin genereller Widerspruch gegen den Einsatz der zu Zwecken des \nOnlinemarketing eingesetzten Cookies kann bei einer Vielzahl der \nDienste, vor allem im Fall des Trackings, \u00fcber die US-amerikanische \nSeite <a href=\"http:\/\/www.aboutads.info\/choices\/\">http:\/\/www.aboutads.info\/choices\/<\/a> oder die EU-Seite <a href=\"http:\/\/www.youronlinechoices.com\/\">http:\/\/www.youronlinechoices.com\/<\/a>\n erkl\u00e4rt werden. Des Weiteren kann die Speicherung von Cookies mittels \nderen Abschaltung in den Einstellungen des Browsers erreicht werden. \nBitte beachten Sie, dass dann gegebenenfalls nicht alle Funktionen \ndieses Onlineangebotes genutzt werden k\u00f6nnen.<\/p>\n\n\n\n<h3 class=\"wp-block-heading\" id=\"dsg-general-erasure\">L\u00f6schung von Daten<\/h3>\n\n\n\n<p>Die\n von uns verarbeiteten Daten werden nach Ma\u00dfgabe der gesetzlichen \nVorgaben gel\u00f6scht oder in ihrer Verarbeitung eingeschr\u00e4nkt. Sofern nicht\n im Rahmen dieser Datenschutzerkl\u00e4rung ausdr\u00fccklich angegeben, werden \ndie bei uns gespeicherten Daten gel\u00f6scht, sobald sie f\u00fcr ihre \nZweckbestimmung nicht mehr erforderlich sind und der L\u00f6schung keine \ngesetzlichen Aufbewahrungspflichten entgegenstehen. <br>\n<br>\nSofern die Daten nicht gel\u00f6scht werden, weil sie f\u00fcr andere und \ngesetzlich zul\u00e4ssige Zwecke erforderlich sind, wird deren Verarbeitung \neingeschr\u00e4nkt. D.h. die Daten werden gesperrt und nicht f\u00fcr andere \nZwecke verarbeitet. Das gilt z.B. f\u00fcr Daten, die aus handels- oder \nsteuerrechtlichen Gr\u00fcnden aufbewahrt werden m\u00fcssen.<\/p>\n\n\n\n<h3 class=\"wp-block-heading\" id=\"dsg-general-changes\">\u00c4nderungen und Aktualisierungen der Datenschutzerkl\u00e4rung<\/h3>\n\n\n\n<p>Wir\n bitten Sie sich regelm\u00e4\u00dfig \u00fcber den Inhalt unserer Datenschutzerkl\u00e4rung\n zu informieren. Wir passen die Datenschutzerkl\u00e4rung an, sobald die \n\u00c4nderungen der von uns durchgef\u00fchrten Datenverarbeitungen dies \nerforderlich machen. Wir informieren Sie, sobald durch die \u00c4nderungen \neine Mitwirkungshandlung Ihrerseits (z.B. Einwilligung) oder eine \nsonstige individuelle Benachrichtigung erforderlich wird.<\/p>\n\n\n\n<h3 class=\"wp-block-heading\" id=\"dsg-administration\">Administration, Finanzbuchhaltung, B\u00fcroorganisation, Kontaktverwaltung<\/h3>\n\n\n\n<p>Wir\n verarbeiten Daten im Rahmen von Verwaltungsaufgaben sowie Organisation \nunseres Betriebs, Finanzbuchhaltung und Befolgung der gesetzlichen \nPflichten, wie z.B. der Archivierung. Hierbei verarbeiten wir dieselben \nDaten, die wir im Rahmen der Erbringung unserer vertraglichen Leistungen\n verarbeiten. Die Verarbeitungsgrundlagen sind Art. 6 Abs. 1 lit. c. \nDSGVO, Art. 6 Abs. 1 lit. f. DSGVO. Von der Verarbeitung sind Kunden, \nInteressenten, Gesch\u00e4ftspartner und Websitebesucher betroffen. Der Zweck\n und unser Interesse an der Verarbeitung liegt in der Administration, \nFinanzbuchhaltung, B\u00fcroorganisation, Archivierung von Daten, also \nAufgaben die der Aufrechterhaltung unserer Gesch\u00e4ftst\u00e4tigkeiten, \nWahrnehmung unserer Aufgaben und Erbringung unserer Leistungen dienen. \nDie L\u00f6schung der Daten im Hinblick auf vertragliche Leistungen und die \nvertragliche Kommunikation entspricht den, bei diesen \nVerarbeitungst\u00e4tigkeiten genannten Angaben.<br>\n<br>\nWir offenbaren oder \u00fcbermitteln hierbei Daten an die Finanzverwaltung, \nBerater, wie z.B., Steuerberater oder Wirtschaftspr\u00fcfer sowie weitere \nGeb\u00fchrenstellen und Zahlungsdienstleister.<br>\n<br>\nFerner speichern wir auf Grundlage unserer betriebswirtschaftlichen \nInteressen Angaben zu Lieferanten, Veranstaltern und sonstigen \nGesch\u00e4ftspartnern, z.B. zwecks sp\u00e4terer Kontaktaufnahme. Diese \nmehrheitlich unternehmensbezogenen Daten, speichern wir grunds\u00e4tzlich \ndauerhaft.<br>\n<\/p>\n\n\n\n<h3 class=\"wp-block-heading\" id=\"dsg-contact\">Kontaktaufnahme<\/h3>\n\n\n\n<p>Bei\n der Kontaktaufnahme mit uns (z.B. per Kontaktformular, E-Mail, Telefon \noder via sozialer Medien) werden die Angaben des Nutzers zur Bearbeitung\n der Kontaktanfrage und deren Abwicklung gem. Art. 6 Abs. 1 lit. b. (im \nRahmen vertraglicher-\/vorvertraglicher Beziehungen),  Art. 6 Abs. 1 lit.\n f. (andere Anfragen) DSGVO verarbeitet.. Die Angaben der Nutzer k\u00f6nnen \nin einem Customer-Relationship-Management System (&#8222;CRM System&#8220;) oder \nvergleichbarer Anfragenorganisation gespeichert werden.<br>\n<br>\nWir l\u00f6schen die Anfragen, sofern diese nicht mehr erforderlich sind. Wir\n \u00fcberpr\u00fcfen die Erforderlichkeit alle zwei Jahre; Ferner gelten die \ngesetzlichen Archivierungspflichten.<a href=\"https:\/\/datenschutz-generator.de\" rel=\"noreferrer noopener\" target=\"_blank\">Erstellt mit Datenschutz-Generator.de von RA Dr. Thomas Schwenke<\/a><\/p>\n","protected":false},"excerpt":{"rendered":"<p>Datenschutzerkl\u00e4rung Diese Datenschutzerkl\u00e4rung kl\u00e4rt Sie \u00fcber die Art, den Umfang und Zweck der Verarbeitung von personenbezogenen Daten (nachfolgend kurz \u201eDaten\u201c) im Rahmen der Erbringung unserer Leistungen sowie innerhalb unseres Onlineangebotes und der mit ihm verbundenen Webseiten, Funktionen und Inhalte sowie externen Onlinepr\u00e4senzen, wie z.B. unser Social Media Profile auf (nachfolgend gemeinsam bezeichnet als \u201eOnlineangebot\u201c). Im [&hellip;]<\/p>\n","protected":false},"author":1,"featured_media":0,"parent":0,"menu_order":0,"comment_status":"closed","ping_status":"closed","template":"","meta":{"footnotes":""},"class_list":["post-86","page","type-page","status-publish","hentry"],"_links":{"self":[{"href":"http:\/\/sv-holze.de\/index.php?rest_route=\/wp\/v2\/pages\/86","targetHints":{"allow":["GET"]}}],"collection":[{"href":"http:\/\/sv-holze.de\/index.php?rest_route=\/wp\/v2\/pages"}],"about":[{"href":"http:\/\/sv-holze.de\/index.php?rest_route=\/wp\/v2\/types\/page"}],"author":[{"embeddable":true,"href":"http:\/\/sv-holze.de\/index.php?rest_route=\/wp\/v2\/users\/1"}],"replies":[{"embeddable":true,"href":"http:\/\/sv-holze.de\/index.php?rest_route=%2Fwp%2Fv2%2Fcomments&post=86"}],"version-history":[{"count":13,"href":"http:\/\/sv-holze.de\/index.php?rest_route=\/wp\/v2\/pages\/86\/revisions"}],"predecessor-version":[{"id":262,"href":"http:\/\/sv-holze.de\/index.php?rest_route=\/wp\/v2\/pages\/86\/revisions\/262"}],"wp:attachment":[{"href":"http:\/\/sv-holze.de\/index.php?rest_route=%2Fwp%2Fv2%2Fmedia&parent=86"}],"curies":[{"name":"wp","href":"https:\/\/api.w.org\/{rel}","templated":true}]}}