{"id":2,"date":"2016-05-10T03:48:21","date_gmt":"2016-05-10T03:48:21","guid":{"rendered":"http:\/\/sv-holze.de\/?page_id=2"},"modified":"2019-06-26T07:02:21","modified_gmt":"2019-06-26T07:02:21","slug":"sample-page","status":"publish","type":"page","link":"https:\/\/sv-holze.de\/?page_id=2","title":{"rendered":"Unsere Leistungen"},"content":{"rendered":"\n<p style=\"text-align:left\"><strong>Wir verlegen f\u00fcr sie: <\/strong><\/p>\n\n\n\n<ul class=\"wp-block-list\"><li>PVC-B\u00f6den <\/li><li>Kork &amp; Parkettb\u00f6den<\/li><li>Kautschukbel\u00e4ge<\/li><li>Teppichb\u00f6den<\/li><li>Designb\u00f6den<\/li><li>Laminat<\/li><li>Holzdielung <\/li><li>Linoleum  <\/li><\/ul>\n\n\n\n<p><strong>Wir bieten an:<\/strong><\/p>\n\n\n\n<ul class=\"wp-block-list\"><li>Verkauf- und Musterberatung<\/li><li>Aufmessen<\/li><li>Entfernen und entsorgen alter Bodenbel\u00e4ge<\/li><li>Unterbodensanierung aller Art<\/li><li>Verlegung von Bahnenware jeder Art<\/li><li>Verlegung von Designbel\u00e4gen<\/li><li>Verlegung von Laminat und Fertigpakett<\/li><li>Montage von Sockelleisten aller Art<\/li><li>Silikonarbeiten<\/li><li>2K Verfugung<\/li><li>Renovierung von Treppenh\u00e4usern und Treppen<\/li><\/ul>\n\n\n\n<p>Wir sind stolz auf unseren stetig wachsenden Kundenstamm gerade im gewerblichen Bereich. F\u00fcr unsere Projektplaner arbeiten wir in Wohnanlagen, B\u00fcrokomplexe, Kinderg\u00e4rten, Schulen, Altenheime, Praxen etc.<\/p>\n\n\n\n<p>Haben wir ihr Interesse geweckt, dann vereinbaren sie gerne mit uns einen ersten unverbindlichen Beratungstermin, auf Wunsch auch gleich vor Ort. Sie erreichen uns t\u00e4glich telefonisch unter <strong>036693\/23181<\/strong> oder <strong>0175\/9335473<\/strong>.  <\/p>\n","protected":false},"excerpt":{"rendered":"<p>Wir verlegen f\u00fcr sie: PVC-B\u00f6den Kork &amp; Parkettb\u00f6den Kautschukbel\u00e4ge Teppichb\u00f6den Designb\u00f6den Laminat Holzdielung Linoleum Wir bieten an: Verkauf- und Musterberatung Aufmessen Entfernen und entsorgen alter Bodenbel\u00e4ge Unterbodensanierung aller Art Verlegung von Bahnenware jeder Art Verlegung von Designbel\u00e4gen Verlegung von Laminat und Fertigpakett Montage von Sockelleisten aller Art Silikonarbeiten 2K Verfugung Renovierung von Treppenh\u00e4usern und Treppen [&hellip;]<\/p>\n","protected":false},"author":1,"featured_media":0,"parent":0,"menu_order":0,"comment_status":"closed","ping_status":"open","template":"","meta":{"footnotes":""},"class_list":["post-2","page","type-page","status-publish","hentry"],"_links":{"self":[{"href":"https:\/\/sv-holze.de\/index.php?rest_route=\/wp\/v2\/pages\/2","targetHints":{"allow":["GET"]}}],"collection":[{"href":"https:\/\/sv-holze.de\/index.php?rest_route=\/wp\/v2\/pages"}],"about":[{"href":"https:\/\/sv-holze.de\/index.php?rest_route=\/wp\/v2\/types\/page"}],"author":[{"embeddable":true,"href":"https:\/\/sv-holze.de\/index.php?rest_route=\/wp\/v2\/users\/1"}],"replies":[{"embeddable":true,"href":"https:\/\/sv-holze.de\/index.php?rest_route=%2Fwp%2Fv2%2Fcomments&post=2"}],"version-history":[{"count":7,"href":"https:\/\/sv-holze.de\/index.php?rest_route=\/wp\/v2\/pages\/2\/revisions"}],"predecessor-version":[{"id":238,"href":"https:\/\/sv-holze.de\/index.php?rest_route=\/wp\/v2\/pages\/2\/revisions\/238"}],"wp:attachment":[{"href":"https:\/\/sv-holze.de\/index.php?rest_route=%2Fwp%2Fv2%2Fmedia&parent=2"}],"curies":[{"name":"wp","href":"https:\/\/api.w.org\/{rel}","templated":true}]}}